{"id":1005,"date":"2022-11-14T17:37:19","date_gmt":"2022-11-14T17:37:19","guid":{"rendered":"https:\/\/locahostbauru.com.br\/aelesab\/?page_id=1005"},"modified":"2025-06-10T08:44:58","modified_gmt":"2025-06-10T11:44:58","slug":"termos_carapicuiba","status":"publish","type":"page","link":"https:\/\/locahostbauru.com.br\/aelesab\/termos_carapicuiba\/","title":{"rendered":"Termos de Aditamento Carapicuiba"},"content":{"rendered":"\t\t<div data-elementor-type=\"wp-page\" data-elementor-id=\"1005\" class=\"elementor elementor-1005\" data-elementor-post-type=\"page\">\n\t\t\t\t\t\t<section class=\"elementor-section elementor-top-section elementor-element elementor-element-11c3a1d elementor-section-stretched elementor-section-height-min-height elementor-section-boxed elementor-section-height-default elementor-section-items-middle\" data-id=\"11c3a1d\" data-element_type=\"section\" data-settings=\"{&quot;stretch_section&quot;:&quot;section-stretched&quot;,&quot;background_background&quot;:&quot;classic&quot;}\">\n\t\t\t\t\t\t\t<div class=\"elementor-background-overlay\"><\/div>\n\t\t\t\t\t\t\t<div class=\"elementor-container elementor-column-gap-default\">\n\t\t\t\t\t<div class=\"elementor-column elementor-col-100 elementor-top-column elementor-element elementor-element-e4b6802\" data-id=\"e4b6802\" data-element_type=\"column\">\n\t\t\t<div class=\"elementor-widget-wrap elementor-element-populated\">\n\t\t\t\t\t\t<div class=\"elementor-element elementor-element-1d625fd elementor-widget elementor-widget-heading\" data-id=\"1d625fd\" data-element_type=\"widget\" data-widget_type=\"heading.default\">\n\t\t\t\t<div class=\"elementor-widget-container\">\n\t\t\t\t\t<h2 class=\"elementor-heading-title elementor-size-default\">TERMOS DE CARAPICUIBA<\/h2>\t\t\t\t<\/div>\n\t\t\t\t<\/div>\n\t\t\t\t<div class=\"elementor-element elementor-element-6de02d2 elementor-widget elementor-widget-heading\" data-id=\"6de02d2\" data-element_type=\"widget\" data-widget_type=\"heading.default\">\n\t\t\t\t<div class=\"elementor-widget-container\">\n\t\t\t\t\t<h2 class=\"elementor-heading-title elementor-size-default\">AELESAB<\/h2>\t\t\t\t<\/div>\n\t\t\t\t<\/div>\n\t\t\t\t\t<\/div>\n\t\t<\/div>\n\t\t\t\t\t<\/div>\n\t\t<\/section>\n\t\t\t\t<section class=\"elementor-section elementor-top-section elementor-element elementor-element-738e93c elementor-section-stretched elementor-section-height-min-height elementor-section-boxed elementor-section-height-default elementor-section-items-middle\" data-id=\"738e93c\" data-element_type=\"section\" data-settings=\"{&quot;stretch_section&quot;:&quot;section-stretched&quot;}\">\n\t\t\t\t\t\t\t<div class=\"elementor-background-overlay\"><\/div>\n\t\t\t\t\t\t\t<div class=\"elementor-container elementor-column-gap-default\">\n\t\t\t\t\t<div class=\"elementor-column elementor-col-50 elementor-top-column elementor-element elementor-element-f8ec9ee elementor-invisible\" data-id=\"f8ec9ee\" data-element_type=\"column\" data-settings=\"{&quot;animation&quot;:&quot;fadeInUp&quot;,&quot;animation_delay&quot;:100}\">\n\t\t\t<div class=\"elementor-widget-wrap elementor-element-populated\">\n\t\t\t\t\t\t<div class=\"elementor-element elementor-element-fe83cee elementor-widget elementor-widget-heading\" data-id=\"fe83cee\" data-element_type=\"widget\" data-widget_type=\"heading.default\">\n\t\t\t\t<div class=\"elementor-widget-container\">\n\t\t\t\t\t<h2 class=\"elementor-heading-title elementor-size-default\"><span style=\"color: var( --e-global-color-secondary );font-family: var( --e-global-typography-primary-font-family ), Sans-serif\">TERMOS DE CARAPICUIBA<\/span><\/h2>\t\t\t\t<\/div>\n\t\t\t\t<\/div>\n\t\t\t\t<div class=\"elementor-element elementor-element-1ca1083 elementor-widget elementor-widget-text-editor\" data-id=\"1ca1083\" data-element_type=\"widget\" data-widget_type=\"text-editor.default\">\n\t\t\t\t<div class=\"elementor-widget-container\">\n\t\t\t\t\t\t\t\t\t<h4><div class='w3eden'><!-- WPDM Link Template: Call to Action 3 -->\n\n<div class=\"well c2a3\">\n    <div class=\"media\">\n        <div class=\"mr-3\" align=\"left\">\n            <img decoding=\"async\" class=\"wpdm_icon\" alt=\"\u00edcone\" src=\"https:\/\/locahostbauru.com.br\/aelesab\/wp-content\/plugins\/download-manager\/assets\/file-type-icons\/pdf.svg\" \/>\n        <\/div>\n        <div class=\"media-body\">\n            <h3 class=\"media-heading\" style=\"padding-top: 0px;border:0px;margin: 0 0 5px 0;font-size:12pt;\">\n                <a style=\"font-weight: 700\" href=\"https:\/\/locahostbauru.com.br\/aelesab\/download\/ta-carapicuiba-01\/\">TA &#8211; Carapicu\u00edba 01<\/a>\n                <span style=\"font-size:8pt;font-weight:300\" class=\"text-muted ml-4\">\n                    <i class=\"fas fa-hdd mr-1\"><\/i> 2.21 MB\n                    <i class=\"ml-3 far fa-arrow-alt-circle-down mr-1\"><\/i> 37 downloads\n                <\/span>\n            <\/h3>\n            TA &#8211; Carapicu\u00edba 01\n&#8230;\n        <\/div>\n        <div class=\"ml-3\" align=\"right\">\n            <a class='wpdm-download-link download-on-click btn btn-primary ' rel='nofollow' href='#' data-downloadurl=\"https:\/\/locahostbauru.com.br\/aelesab\/download\/ta-carapicuiba-01\/?wpdmdl=3920&#038;refresh=6a06669f615851778804383\">Download<\/a>\n        <\/div>\n    <\/div>\n\n<\/div>\n<style>\n    .well.c2a3 .btn {\n        padding: 11px 30px;\n        font-size: 11pt;\n    }\n\n    .well.c2a3 .media-body {\n        font-size: 11pt;\n    }\n\n    .well.c2a3 .wpdm_icon {\n        height: 42px;\n        width: auto;\n    }<\/style>\n<\/div><\/h4><p><div class='w3eden'><!-- WPDM Link Template: Call to Action 3 -->\n\n<div class=\"well c2a3\">\n    <div class=\"media\">\n        <div class=\"mr-3\" align=\"left\">\n            <img decoding=\"async\" class=\"wpdm_icon\" alt=\"\u00edcone\" src=\"https:\/\/locahostbauru.com.br\/aelesab\/wp-content\/plugins\/download-manager\/assets\/file-type-icons\/pdf.svg\" \/>\n        <\/div>\n        <div class=\"media-body\">\n            <h3 class=\"media-heading\" style=\"padding-top: 0px;border:0px;margin: 0 0 5px 0;font-size:12pt;\">\n                <a style=\"font-weight: 700\" href=\"https:\/\/locahostbauru.com.br\/aelesab\/download\/ta-carapicuiba-02\/\">TA-Carapicuiba-02<\/a>\n                <span style=\"font-size:8pt;font-weight:300\" class=\"text-muted ml-4\">\n                    <i class=\"fas fa-hdd mr-1\"><\/i> 759.61 KB\n                    <i class=\"ml-3 far fa-arrow-alt-circle-down mr-1\"><\/i> 45 downloads\n                <\/span>\n            <\/h3>\n            TA-Carapicuiba-02\n&#8230;\n        <\/div>\n        <div class=\"ml-3\" align=\"right\">\n            <a class='wpdm-download-link download-on-click btn btn-primary ' rel='nofollow' href='#' data-downloadurl=\"https:\/\/locahostbauru.com.br\/aelesab\/download\/ta-carapicuiba-02\/?wpdmdl=3921&#038;refresh=6a06669f637a21778804383\">Download<\/a>\n        <\/div>\n    <\/div>\n\n<\/div>\n<style>\n    .well.c2a3 .btn {\n        padding: 11px 30px;\n        font-size: 11pt;\n    }\n\n    .well.c2a3 .media-body {\n        font-size: 11pt;\n    }\n\n    .well.c2a3 .wpdm_icon {\n        height: 42px;\n        width: auto;\n    }<\/style>\n<\/div><\/p><p>\u00a0<\/p><p>d\u00favida, estamos a disposi\u00e7\u00e3o.<\/p><p>Whatsapp: (14) 9 8166-0403<\/p><p>email: rh@locahostbauru.com.br<\/p><p>Funcionamento: Seg a sex das 8h as 17h<\/p><p>Endere\u00e7o: Rua Alameda Plutao n\u00b0 10-10 Santa Edwiges &#8211; Bauru,SP<\/p><div style=\"width: 423.507px; color: #333333; font-family: -apple-system, BlinkMacSystemFont, 'Segoe UI', Roboto, 'Helvetica Neue', Arial, 'Noto Sans', sans-serif; font-size: 16px; text-align: start;\" data-id=\"d274960\" data-element_type=\"column\"><div style=\"width: 423.507px; padding: 10px;\"><div style=\"width: 403.507px;\" data-id=\"f0fd135\" data-element_type=\"widget\" data-widget_type=\"icon-list.default\"><div><div data-id=\"5c119fe\" data-element_type=\"column\"><div><div data-id=\"882ae09\" data-element_type=\"widget\" data-settings=\"{\" data-widget_type=\"form.default\"><div><form method=\"post\"><div><div>\u00a0<\/div><\/div><\/form><\/div><\/div><\/div><\/div><\/div><\/div><\/div><\/div>\t\t\t\t\t\t\t\t<\/div>\n\t\t\t\t<\/div>\n\t\t\t\t\t<\/div>\n\t\t<\/div>\n\t\t\t\t<div class=\"elementor-column elementor-col-50 elementor-top-column elementor-element elementor-element-3b8179b elementor-invisible\" data-id=\"3b8179b\" data-element_type=\"column\" data-settings=\"{&quot;animation&quot;:&quot;fadeInUp&quot;,&quot;animation_delay&quot;:200}\">\n\t\t\t<div class=\"elementor-widget-wrap elementor-element-populated\">\n\t\t\t\t\t\t\t<\/div>\n\t\t<\/div>\n\t\t\t\t\t<\/div>\n\t\t<\/section>\n\t\t\t\t<\/div>\n\t\t","protected":false},"excerpt":{"rendered":"<p>TERMOS DE CARAPICUIBA AELESAB TERMOS DE CARAPICUIBA \u00a0 d\u00favida, estamos a disposi\u00e7\u00e3o. Whatsapp: (14) 9 8166-0403 email: rh@locahostbauru.com.br Funcionamento: Seg a sex das 8h as 17h Endere\u00e7o: Rua Alameda Plutao n\u00b0 10-10 Santa Edwiges &#8211; Bauru,SP \u00a0<\/p>\n","protected":false},"author":1,"featured_media":0,"parent":0,"menu_order":0,"comment_status":"closed","ping_status":"closed","template":"","meta":{"footnotes":""},"class_list":["post-1005","page","type-page","status-publish","hentry"],"_links":{"self":[{"href":"https:\/\/locahostbauru.com.br\/aelesab\/wp-json\/wp\/v2\/pages\/1005","targetHints":{"allow":["GET"]}}],"collection":[{"href":"https:\/\/locahostbauru.com.br\/aelesab\/wp-json\/wp\/v2\/pages"}],"about":[{"href":"https:\/\/locahostbauru.com.br\/aelesab\/wp-json\/wp\/v2\/types\/page"}],"author":[{"embeddable":true,"href":"https:\/\/locahostbauru.com.br\/aelesab\/wp-json\/wp\/v2\/users\/1"}],"replies":[{"embeddable":true,"href":"https:\/\/locahostbauru.com.br\/aelesab\/wp-json\/wp\/v2\/comments?post=1005"}],"version-history":[{"count":42,"href":"https:\/\/locahostbauru.com.br\/aelesab\/wp-json\/wp\/v2\/pages\/1005\/revisions"}],"predecessor-version":[{"id":3924,"href":"https:\/\/locahostbauru.com.br\/aelesab\/wp-json\/wp\/v2\/pages\/1005\/revisions\/3924"}],"wp:attachment":[{"href":"https:\/\/locahostbauru.com.br\/aelesab\/wp-json\/wp\/v2\/media?parent=1005"}],"curies":[{"name":"wp","href":"https:\/\/api.w.org\/{rel}","templated":true}]}}