{"id":655,"date":"2021-02-02T15:15:02","date_gmt":"2021-02-02T15:15:02","guid":{"rendered":"https:\/\/locahostbauru.com.br\/aelesab\/?page_id=655"},"modified":"2021-02-17T15:25:35","modified_gmt":"2021-02-17T15:25:35","slug":"vaga-descricao2","status":"publish","type":"page","link":"https:\/\/locahostbauru.com.br\/aelesab\/vaga-descricao2\/","title":{"rendered":"vaga descri\u00e7\u00e3o2"},"content":{"rendered":"\t\t<div data-elementor-type=\"wp-page\" data-elementor-id=\"655\" class=\"elementor elementor-655\" data-elementor-post-type=\"page\">\n\t\t\t\t\t\t<section class=\"elementor-section elementor-top-section elementor-element elementor-element-11c3a1d elementor-section-stretched elementor-section-height-min-height elementor-section-boxed elementor-section-height-default elementor-section-items-middle\" data-id=\"11c3a1d\" data-element_type=\"section\" data-settings=\"{&quot;stretch_section&quot;:&quot;section-stretched&quot;,&quot;background_background&quot;:&quot;classic&quot;}\">\n\t\t\t\t\t\t\t<div class=\"elementor-background-overlay\"><\/div>\n\t\t\t\t\t\t\t<div class=\"elementor-container elementor-column-gap-default\">\n\t\t\t\t\t<div class=\"elementor-column elementor-col-100 elementor-top-column elementor-element elementor-element-e4b6802\" data-id=\"e4b6802\" data-element_type=\"column\">\n\t\t\t<div class=\"elementor-widget-wrap elementor-element-populated\">\n\t\t\t\t\t\t<div class=\"elementor-element elementor-element-1d625fd elementor-widget elementor-widget-heading\" data-id=\"1d625fd\" data-element_type=\"widget\" data-widget_type=\"heading.default\">\n\t\t\t\t<div class=\"elementor-widget-container\">\n\t\t\t\t\t<h2 class=\"elementor-heading-title elementor-size-default\">Oportunidades de Trabalho<\/h2>\t\t\t\t<\/div>\n\t\t\t\t<\/div>\n\t\t\t\t<div class=\"elementor-element elementor-element-6de02d2 elementor-widget elementor-widget-heading\" data-id=\"6de02d2\" data-element_type=\"widget\" data-widget_type=\"heading.default\">\n\t\t\t\t<div class=\"elementor-widget-container\">\n\t\t\t\t\t<h2 class=\"elementor-heading-title elementor-size-default\">AELESAB<\/h2>\t\t\t\t<\/div>\n\t\t\t\t<\/div>\n\t\t\t\t\t<\/div>\n\t\t<\/div>\n\t\t\t\t\t<\/div>\n\t\t<\/section>\n\t\t\t\t<section class=\"elementor-section elementor-top-section elementor-element elementor-element-738e93c elementor-section-stretched elementor-section-height-min-height elementor-section-boxed elementor-section-height-default elementor-section-items-middle\" data-id=\"738e93c\" data-element_type=\"section\" data-settings=\"{&quot;stretch_section&quot;:&quot;section-stretched&quot;}\">\n\t\t\t\t\t\t\t<div class=\"elementor-background-overlay\"><\/div>\n\t\t\t\t\t\t\t<div class=\"elementor-container elementor-column-gap-default\">\n\t\t\t\t\t<div class=\"elementor-column elementor-col-100 elementor-top-column elementor-element elementor-element-3b8179b elementor-invisible\" data-id=\"3b8179b\" data-element_type=\"column\" data-settings=\"{&quot;animation&quot;:&quot;fadeInUp&quot;,&quot;animation_delay&quot;:200}\">\n\t\t\t<div class=\"elementor-widget-wrap elementor-element-populated\">\n\t\t\t\t\t\t<div class=\"elementor-element elementor-element-95da331 elementor-widget elementor-widget-text-editor\" data-id=\"95da331\" data-element_type=\"widget\" data-widget_type=\"text-editor.default\">\n\t\t\t\t<div class=\"elementor-widget-container\">\n\t\t\t\t\t\t\t\t\t<p style=\"text-align: center;\"><strong>Cuidador Social<\/strong><strong> Bauru<\/strong><\/p><p style=\"margin-right: 0px; margin-bottom: 8pt; margin-left: 0px; font-size: 11pt; font-family: Calibri, sans-serif; line-height: 15.6933px;\">\u00a0<\/p><p style=\"margin-right: 0px; margin-bottom: 8pt; margin-left: 0px; font-size: 11pt; font-family: Calibri, sans-serif; line-height: 15.6933px;\"><span style=\"font-weight: bolder;\"><u><span style=\"font-weight: bolder;\"><u>Requisitos\u00a0 <\/u><\/span><\/u><span style=\"box-sizing: border-box; font-family: Calibri, Helvetica, sans-serif; font-style: normal; font-variant-ligatures: normal; font-variant-caps: normal; font-weight: 400; letter-spacing: normal; orphans: 2; text-align: left; text-indent: 0px; text-transform: none; white-space: normal; widows: 2; word-spacing: 0px; -webkit-text-stroke-width: 0px; background-color: white; text-decoration-thickness: initial; text-decoration-style: initial; text-decoration-color: initial; margin: 0px; font-size: 14.67px; color: #201f1e;\"><br \/><br \/>&#8211; Curso<span style=\"box-sizing: border-box;\">\u00a0<\/span><span style=\"box-sizing: border-box; margin: 0px;\">de<\/span><span style=\"box-sizing: border-box;\">\u00a0<\/span><span style=\"box-sizing: border-box; margin: 0px;\">Cuidador<\/span><span style=\"box-sizing: border-box;\">\u00a0<\/span>Social,<\/span><br style=\"box-sizing: border-box; color: #000000; font-family: Calibri, Helvetica, sans-serif; font-size: 16px; font-style: normal; font-variant-ligatures: normal; font-variant-caps: normal; font-weight: 400; letter-spacing: normal; orphans: 2; text-align: left; text-indent: 0px; text-transform: none; white-space: normal; widows: 2; word-spacing: 0px; -webkit-text-stroke-width: 0px; text-decoration-thickness: initial; text-decoration-style: initial; text-decoration-color: initial;\" \/><span style=\"box-sizing: border-box; font-family: Calibri, Helvetica, sans-serif; font-style: normal; font-variant-ligatures: normal; font-variant-caps: normal; font-weight: 400; letter-spacing: normal; orphans: 2; text-align: left; text-indent: 0px; text-transform: none; white-space: normal; widows: 2; word-spacing: 0px; -webkit-text-stroke-width: 0px; background-color: white; text-decoration-thickness: initial; text-decoration-style: initial; text-decoration-color: initial; margin: 0px; font-size: 14.67px; color: #201f1e;\"><br \/>&#8211; Experi\u00eancia no m\u00edmino<span style=\"box-sizing: border-box;\">\u00a0<\/span><span style=\"box-sizing: border-box; margin: 0px;\">de<\/span><span style=\"box-sizing: border-box;\">\u00a0<\/span>6 meses na fun\u00e7\u00e3o,<\/span><br style=\"box-sizing: border-box; color: #000000; font-family: Calibri, Helvetica, sans-serif; font-size: 16px; font-style: normal; font-variant-ligatures: normal; font-variant-caps: normal; font-weight: 400; letter-spacing: normal; orphans: 2; text-align: left; text-indent: 0px; text-transform: none; white-space: normal; widows: 2; word-spacing: 0px; -webkit-text-stroke-width: 0px; text-decoration-thickness: initial; text-decoration-style: initial; text-decoration-color: initial;\" \/><span style=\"box-sizing: border-box; font-family: Calibri, Helvetica, sans-serif; font-style: normal; font-variant-ligatures: normal; font-variant-caps: normal; font-weight: 400; letter-spacing: normal; orphans: 2; text-align: left; text-indent: 0px; text-transform: none; white-space: normal; widows: 2; word-spacing: 0px; -webkit-text-stroke-width: 0px; background-color: white; text-decoration-thickness: initial; text-decoration-style: initial; text-decoration-color: initial; margin: 0px; font-size: 14.67px; color: #201f1e;\"><br \/>&#8211; Ser respons\u00e1vel, comprometido,<\/span><br style=\"box-sizing: border-box; color: #000000; font-family: Calibri, Helvetica, sans-serif; font-size: 16px; font-style: normal; font-variant-ligatures: normal; font-variant-caps: normal; font-weight: 400; letter-spacing: normal; orphans: 2; text-align: left; text-indent: 0px; text-transform: none; white-space: normal; widows: 2; word-spacing: 0px; -webkit-text-stroke-width: 0px; text-decoration-thickness: initial; text-decoration-style: initial; text-decoration-color: initial;\" \/><span style=\"box-sizing: border-box; font-family: Calibri, Helvetica, sans-serif; font-style: normal; font-variant-ligatures: normal; font-variant-caps: normal; font-weight: 400; letter-spacing: normal; orphans: 2; text-align: left; text-indent: 0px; text-transform: none; white-space: normal; widows: 2; word-spacing: 0px; -webkit-text-stroke-width: 0px; background-color: white; text-decoration-thickness: initial; text-decoration-style: initial; text-decoration-color: initial; margin: 0px; font-size: 14.67px; color: #201f1e;\"><br \/>&#8211; Diferencial curso<span style=\"box-sizing: border-box;\">\u00a0<\/span><span style=\"box-sizing: border-box; margin: 0px;\">de<\/span><span style=\"box-sizing: border-box;\">\u00a0<\/span>T\u00e9cnico<span style=\"box-sizing: border-box;\">\u00a0<\/span><span style=\"box-sizing: border-box; margin: 0px;\">de<\/span><span style=\"box-sizing: border-box;\">\u00a0<\/span>Enfermagem.<\/span><\/span><\/p><p style=\"margin-right: 0px; margin-bottom: 8pt; margin-left: 0px; font-size: 11pt; font-family: Calibri, sans-serif; line-height: 15.6933px;\"><span style=\"font-weight: bolder;\"><u>Benef\u00edcios <br \/><br \/><\/u><\/span>&#8211; Vale transporte\u00a0<\/p><p style=\"margin-right: 0px; margin-bottom: 8pt; margin-left: 0px; font-size: 11pt; font-family: Calibri, sans-serif; line-height: 15.6933px;\">&#8211; Vale alimenta\u00e7\u00e3o\u00a0<\/p><p style=\"margin-right: 0px; margin-bottom: 8pt; margin-left: 0px; font-size: 11pt; font-family: Calibri, sans-serif; line-height: 15.6933px;\"><span style=\"font-weight: bolder;\"><u>Nosso diferencial\u00a0<\/u><\/span><u><\/u><\/p><p style=\"margin-right: 0px; margin-bottom: 8pt; margin-left: 0px; font-size: 11pt; font-family: Calibri, sans-serif; line-height: 15.6933px;\">&#8211; Aten\u00e7\u00e3o prim\u00e1ria para atender os colaboradores,\u00a0<\/p><p style=\"margin-right: 0px; margin-bottom: 8pt; margin-left: 0px; font-size: 11pt; font-family: Calibri, sans-serif; line-height: 15.6933px;\">&#8211;<span style=\"margin: 0px;\">\u00a0<\/span><span style=\"margin: 0px;\">De<\/span>scontos com faculdades, academias, farm\u00e1cias, etc\u00a0<\/p><p style=\"margin-right: 0px; margin-bottom: 8pt; margin-left: 0px; font-size: 11pt; font-family: Calibri, sans-serif; line-height: 15.6933px;\">&#8211; Presente<span style=\"margin: 0px;\">\u00a0<\/span><span style=\"margin: 0px;\">de<\/span><span style=\"margin: 0px;\">\u00a0<\/span>casamento ou nascimento<span style=\"margin: 0px;\">\u00a0<\/span><span style=\"margin: 0px;\">de<\/span><span style=\"margin: 0px;\">\u00a0<\/span>filho,\u00a0<\/p><p style=\"margin-right: 0px; margin-bottom: 8pt; margin-left: 0px; font-size: 11pt; font-family: Calibri, sans-serif; line-height: 15.6933px;\">&#8211; Caf\u00e9 da manh\u00e3 e almo\u00e7o no local<span style=\"margin: 0px;\">\u00a0<\/span><span style=\"margin: 0px;\">de<\/span><span style=\"margin: 0px;\">\u00a0<\/span>trabalho,\u00a0<\/p><p style=\"margin-right: 0px; margin-bottom: 8pt; margin-left: 0px; font-size: 11pt; font-family: Calibri, sans-serif; line-height: 15.6933px;\">&#8211; Caf\u00e9 da manh\u00e3 uma vez por m\u00eas com a Diretoria,\u00a0<\/p><p style=\"margin-right: 0px; margin-bottom: 8pt; margin-left: 0px; font-size: 11pt; font-family: Calibri, sans-serif; line-height: 15.6933px;\">&#8211; Datas comemorativas comemoradas com surpresa,\u00a0<\/p><p style=\"margin-right: 0px; margin-bottom: 8pt; margin-left: 0px; font-size: 11pt; font-family: Calibri, sans-serif; line-height: 15.6933px;\">\u00a0<\/p><div style=\"font-family: Calibri, Helvetica, sans-serif; margin: 0px;\">&#8211; Dentista,\u00a0<\/div><p style=\"margin-bottom: 0px; font-family: Calibri, Helvetica, sans-serif;\">\u00a0<\/p><p style=\"margin-right: 0px; margin-bottom: 8pt; margin-left: 0px; font-size: 11pt; font-family: Calibri, sans-serif; line-height: 15.6933px;\">&#8211; Futebol ( time<span style=\"margin: 0px;\">\u00a0<\/span><span style=\"margin: 0px;\">de<\/span><span style=\"margin: 0px;\">\u00a0<\/span>colaboradores ).\u00a0<\/p>\t\t\t\t\t\t\t\t<\/div>\n\t\t\t\t<\/div>\n\t\t\t\t\t<\/div>\n\t\t<\/div>\n\t\t\t\t\t<\/div>\n\t\t<\/section>\n\t\t\t\t<\/div>\n\t\t","protected":false},"excerpt":{"rendered":"<p>Oportunidades de Trabalho AELESAB Cuidador Social Bauru \u00a0 Requisitos\u00a0 &#8211; Curso\u00a0de\u00a0Cuidador\u00a0Social,&#8211; Experi\u00eancia no m\u00edmino\u00a0de\u00a06 meses na fun\u00e7\u00e3o,&#8211; Ser respons\u00e1vel, comprometido,&#8211; Diferencial curso\u00a0de\u00a0T\u00e9cnico\u00a0de\u00a0Enfermagem. Benef\u00edcios &#8211; Vale transporte\u00a0 &#8211; Vale alimenta\u00e7\u00e3o\u00a0 Nosso diferencial\u00a0 &#8211; Aten\u00e7\u00e3o prim\u00e1ria para atender os colaboradores,\u00a0 &#8211;\u00a0Descontos com faculdades, academias, farm\u00e1cias, etc\u00a0 &#8211; Presente\u00a0de\u00a0casamento ou nascimento\u00a0de\u00a0filho,\u00a0 &#8211; Caf\u00e9 da manh\u00e3 e almo\u00e7o no [&hellip;]<\/p>\n","protected":false},"author":1,"featured_media":0,"parent":0,"menu_order":0,"comment_status":"closed","ping_status":"closed","template":"","meta":{"footnotes":""},"class_list":["post-655","page","type-page","status-publish","hentry"],"_links":{"self":[{"href":"https:\/\/locahostbauru.com.br\/aelesab\/wp-json\/wp\/v2\/pages\/655","targetHints":{"allow":["GET"]}}],"collection":[{"href":"https:\/\/locahostbauru.com.br\/aelesab\/wp-json\/wp\/v2\/pages"}],"about":[{"href":"https:\/\/locahostbauru.com.br\/aelesab\/wp-json\/wp\/v2\/types\/page"}],"author":[{"embeddable":true,"href":"https:\/\/locahostbauru.com.br\/aelesab\/wp-json\/wp\/v2\/users\/1"}],"replies":[{"embeddable":true,"href":"https:\/\/locahostbauru.com.br\/aelesab\/wp-json\/wp\/v2\/comments?post=655"}],"version-history":[{"count":6,"href":"https:\/\/locahostbauru.com.br\/aelesab\/wp-json\/wp\/v2\/pages\/655\/revisions"}],"predecessor-version":[{"id":721,"href":"https:\/\/locahostbauru.com.br\/aelesab\/wp-json\/wp\/v2\/pages\/655\/revisions\/721"}],"wp:attachment":[{"href":"https:\/\/locahostbauru.com.br\/aelesab\/wp-json\/wp\/v2\/media?parent=655"}],"curies":[{"name":"wp","href":"https:\/\/api.w.org\/{rel}","templated":true}]}}